{"id":51,"date":"2020-08-24T14:47:22","date_gmt":"2020-08-24T14:47:22","guid":{"rendered":"http:\/\/terraoceano.com.br\/site\/?page_id=51"},"modified":"2020-08-30T17:55:52","modified_gmt":"2020-08-30T17:55:52","slug":"seguranca","status":"publish","type":"page","link":"https:\/\/terraoceano.com.br\/site\/seguranca\/","title":{"rendered":"Casos de Sucesso"},"content":{"rendered":"<ul>\n<ul>\n<li>Hist\u00f3rias emocionantes que inspiram, como mulheres conseguiram quebrar travas e embarcar neste universo, o sucesso \u00e9 poss\u00edvel!<\/li>\n<\/ul>\n<\/ul>\n<div style=\"width: 640px;\" class=\"wp-video\"><!--[if lt IE 9]><script>document.createElement('video');<\/script><![endif]-->\n<video class=\"wp-video-shortcode\" id=\"video-51-1\" width=\"640\" height=\"360\" preload=\"metadata\" controls=\"controls\"><source type=\"video\/mp4\" src=\"http:\/\/terraoceano.com.br\/site\/wp-content\/uploads\/2020\/08\/Empreendedorismo-Feminino.mp4?_=1\" \/><a href=\"http:\/\/terraoceano.com.br\/site\/wp-content\/uploads\/2020\/08\/Empreendedorismo-Feminino.mp4\">http:\/\/terraoceano.com.br\/site\/wp-content\/uploads\/2020\/08\/Empreendedorismo-Feminino.mp4<\/a><\/video><\/div>\n<p>&nbsp;<\/p>\n<ul>\n<ul>\n<li><a href=\"https:\/\/youtu.be\/lwitbyzYO0g\">Mulheres Empreendedoras<\/a><\/li>\n<\/ul>\n<\/ul>\n","protected":false},"excerpt":{"rendered":"<p>Hist\u00f3rias emocionantes que inspiram, como mulheres conseguiram quebrar travas e embarcar neste universo, o sucesso \u00e9 poss\u00edvel! &nbsp; Mulheres Empreendedoras<\/p>\n","protected":false},"author":1,"featured_media":0,"parent":0,"menu_order":0,"comment_status":"closed","ping_status":"closed","template":"","meta":{"footnotes":""},"class_list":["post-51","page","type-page","status-publish","hentry"],"_links":{"self":[{"href":"https:\/\/terraoceano.com.br\/site\/wp-json\/wp\/v2\/pages\/51","targetHints":{"allow":["GET"]}}],"collection":[{"href":"https:\/\/terraoceano.com.br\/site\/wp-json\/wp\/v2\/pages"}],"about":[{"href":"https:\/\/terraoceano.com.br\/site\/wp-json\/wp\/v2\/types\/page"}],"author":[{"embeddable":true,"href":"https:\/\/terraoceano.com.br\/site\/wp-json\/wp\/v2\/users\/1"}],"replies":[{"embeddable":true,"href":"https:\/\/terraoceano.com.br\/site\/wp-json\/wp\/v2\/comments?post=51"}],"version-history":[{"count":5,"href":"https:\/\/terraoceano.com.br\/site\/wp-json\/wp\/v2\/pages\/51\/revisions"}],"predecessor-version":[{"id":75,"href":"https:\/\/terraoceano.com.br\/site\/wp-json\/wp\/v2\/pages\/51\/revisions\/75"}],"wp:attachment":[{"href":"https:\/\/terraoceano.com.br\/site\/wp-json\/wp\/v2\/media?parent=51"}],"curies":[{"name":"wp","href":"https:\/\/api.w.org\/{rel}","templated":true}]}}